{"id":20,"date":"2020-09-09T21:11:42","date_gmt":"2020-09-10T00:11:42","guid":{"rendered":"https:\/\/suporte.pauta.me\/?page_id=20"},"modified":"2020-10-22T19:14:55","modified_gmt":"2020-10-22T22:14:55","slug":"home","status":"publish","type":"page","link":"https:\/\/suporte.pauta.me\/","title":{"rendered":"Home"},"content":{"rendered":"\n<div style=\"height:35px\" aria-hidden=\"true\" class=\"wp-block-spacer\"><\/div>\n\n\n\n<p class=\"has-text-align-center has-black-color has-text-color has-large-font-size\"><strong>Busca por M\u00f3dulos<\/strong><\/p>\n\n\n\n<p class=\"has-text-align-center\">Procurando por algo espec\u00edfico? Separamos nossos artigos por m\u00f3dulos para facilitar sua pesquisa!<\/p>\n\n\n\n<div style=\"height:35px\" aria-hidden=\"true\" class=\"wp-block-spacer\"><\/div>\n\n\n\n<p><\/p>\n","protected":false},"excerpt":{"rendered":"<p>Busca por M\u00f3dulos Procurando por algo espec\u00edfico? Separamos nossos artigos por m\u00f3dulos para facilitar sua pesquisa!<\/p>\n","protected":false},"author":1,"featured_media":0,"parent":0,"menu_order":0,"comment_status":"closed","ping_status":"closed","template":"","meta":[],"_links":{"self":[{"href":"https:\/\/suporte.pauta.me\/index.php?rest_route=\/wp\/v2\/pages\/20"}],"collection":[{"href":"https:\/\/suporte.pauta.me\/index.php?rest_route=\/wp\/v2\/pages"}],"about":[{"href":"https:\/\/suporte.pauta.me\/index.php?rest_route=\/wp\/v2\/types\/page"}],"author":[{"embeddable":true,"href":"https:\/\/suporte.pauta.me\/index.php?rest_route=\/wp\/v2\/users\/1"}],"replies":[{"embeddable":true,"href":"https:\/\/suporte.pauta.me\/index.php?rest_route=%2Fwp%2Fv2%2Fcomments&post=20"}],"version-history":[{"count":14,"href":"https:\/\/suporte.pauta.me\/index.php?rest_route=\/wp\/v2\/pages\/20\/revisions"}],"predecessor-version":[{"id":159,"href":"https:\/\/suporte.pauta.me\/index.php?rest_route=\/wp\/v2\/pages\/20\/revisions\/159"}],"wp:attachment":[{"href":"https:\/\/suporte.pauta.me\/index.php?rest_route=%2Fwp%2Fv2%2Fmedia&parent=20"}],"curies":[{"name":"wp","href":"https:\/\/api.w.org\/{rel}","templated":true}]}}