{"id":163,"date":"2020-10-22T19:25:11","date_gmt":"2020-10-22T22:25:11","guid":{"rendered":"https:\/\/suporte.pauta.me\/?page_id=163"},"modified":"2020-10-29T14:08:52","modified_gmt":"2020-10-29T17:08:52","slug":"producao","status":"publish","type":"page","link":"https:\/\/suporte.pauta.me\/?page_id=163","title":{"rendered":"Produ\u00e7\u00e3o"},"content":{"rendered":"\n<figure class=\"wp-block-table\"><table><tbody><tr><td class=\"has-text-align-left\" data-align=\"left\"><img loading=\"lazy\" width=\"695\" height=\"71\" class=\"wp-image-1773\" style=\"width: 695px;\" src=\"https:\/\/suporte.pauta.me\/wp-content\/uploads\/2020\/10\/capa_prod-e1603991190487.png\" alt=\"\" srcset=\"https:\/\/suporte.pauta.me\/wp-content\/uploads\/2020\/10\/capa_prod-e1603991190487.png 695w, https:\/\/suporte.pauta.me\/wp-content\/uploads\/2020\/10\/capa_prod-e1603991190487-300x31.png 300w\" sizes=\"(max-width: 695px) 100vw, 695px\" \/><\/td><td class=\"has-text-align-right\" data-align=\"right\"><img loading=\"lazy\" width=\"471\" height=\"226\" class=\"wp-image-1775\" style=\"width: 400px;\" src=\"https:\/\/suporte.pauta.me\/wp-content\/uploads\/2020\/10\/producao_ilustra6-1024x228-1-e1603991246985.png\" alt=\"\" srcset=\"https:\/\/suporte.pauta.me\/wp-content\/uploads\/2020\/10\/producao_ilustra6-1024x228-1-e1603991246985.png 471w, https:\/\/suporte.pauta.me\/wp-content\/uploads\/2020\/10\/producao_ilustra6-1024x228-1-e1603991246985-300x144.png 300w\" sizes=\"(max-width: 471px) 100vw, 471px\" \/><\/td><\/tr><\/tbody><\/table><\/figure>\n","protected":false},"excerpt":{"rendered":"<p>M\u00f3dulo de Produ\u00e7\u00e3o<\/p>\n","protected":false},"author":1,"featured_media":164,"parent":20,"menu_order":0,"comment_status":"closed","ping_status":"closed","template":"page-modulos.php","meta":[],"_links":{"self":[{"href":"https:\/\/suporte.pauta.me\/index.php?rest_route=\/wp\/v2\/pages\/163"}],"collection":[{"href":"https:\/\/suporte.pauta.me\/index.php?rest_route=\/wp\/v2\/pages"}],"about":[{"href":"https:\/\/suporte.pauta.me\/index.php?rest_route=\/wp\/v2\/types\/page"}],"author":[{"embeddable":true,"href":"https:\/\/suporte.pauta.me\/index.php?rest_route=\/wp\/v2\/users\/1"}],"replies":[{"embeddable":true,"href":"https:\/\/suporte.pauta.me\/index.php?rest_route=%2Fwp%2Fv2%2Fcomments&post=163"}],"version-history":[{"count":3,"href":"https:\/\/suporte.pauta.me\/index.php?rest_route=\/wp\/v2\/pages\/163\/revisions"}],"predecessor-version":[{"id":1777,"href":"https:\/\/suporte.pauta.me\/index.php?rest_route=\/wp\/v2\/pages\/163\/revisions\/1777"}],"up":[{"embeddable":true,"href":"https:\/\/suporte.pauta.me\/index.php?rest_route=\/wp\/v2\/pages\/20"}],"wp:featuredmedia":[{"embeddable":true,"href":"https:\/\/suporte.pauta.me\/index.php?rest_route=\/wp\/v2\/media\/164"}],"wp:attachment":[{"href":"https:\/\/suporte.pauta.me\/index.php?rest_route=%2Fwp%2Fv2%2Fmedia&parent=163"}],"curies":[{"name":"wp","href":"https:\/\/api.w.org\/{rel}","templated":true}]}}