{"id":146,"date":"2020-10-22T15:34:12","date_gmt":"2020-10-22T18:34:12","guid":{"rendered":"https:\/\/suporte.pauta.me\/?page_id=146"},"modified":"2020-10-26T20:06:44","modified_gmt":"2020-10-26T23:06:44","slug":"configuracoes","status":"publish","type":"page","link":"https:\/\/suporte.pauta.me\/?page_id=146","title":{"rendered":"Configura\u00e7\u00f5es"},"content":{"rendered":"\n<p>Configura\u00e7\u00f5es do sistema<\/p>\n","protected":false},"excerpt":{"rendered":"<p>M\u00f3dulo de Configura\u00e7\u00f5es<\/p>\n","protected":false},"author":1,"featured_media":137,"parent":20,"menu_order":0,"comment_status":"closed","ping_status":"closed","template":"page-modulos.php","meta":[],"_links":{"self":[{"href":"https:\/\/suporte.pauta.me\/index.php?rest_route=\/wp\/v2\/pages\/146"}],"collection":[{"href":"https:\/\/suporte.pauta.me\/index.php?rest_route=\/wp\/v2\/pages"}],"about":[{"href":"https:\/\/suporte.pauta.me\/index.php?rest_route=\/wp\/v2\/types\/page"}],"author":[{"embeddable":true,"href":"https:\/\/suporte.pauta.me\/index.php?rest_route=\/wp\/v2\/users\/1"}],"replies":[{"embeddable":true,"href":"https:\/\/suporte.pauta.me\/index.php?rest_route=%2Fwp%2Fv2%2Fcomments&post=146"}],"version-history":[{"count":5,"href":"https:\/\/suporte.pauta.me\/index.php?rest_route=\/wp\/v2\/pages\/146\/revisions"}],"predecessor-version":[{"id":205,"href":"https:\/\/suporte.pauta.me\/index.php?rest_route=\/wp\/v2\/pages\/146\/revisions\/205"}],"up":[{"embeddable":true,"href":"https:\/\/suporte.pauta.me\/index.php?rest_route=\/wp\/v2\/pages\/20"}],"wp:featuredmedia":[{"embeddable":true,"href":"https:\/\/suporte.pauta.me\/index.php?rest_route=\/wp\/v2\/media\/137"}],"wp:attachment":[{"href":"https:\/\/suporte.pauta.me\/index.php?rest_route=%2Fwp%2Fv2%2Fmedia&parent=146"}],"curies":[{"name":"wp","href":"https:\/\/api.w.org\/{rel}","templated":true}]}}